{"id":450,"date":"2024-07-29T13:13:52","date_gmt":"2024-07-29T13:13:52","guid":{"rendered":"https:\/\/tamam.ctemplate.com\/?post_type=product&#038;p=450"},"modified":"2024-07-30T12:01:55","modified_gmt":"2024-07-30T12:01:55","slug":"240cc-oval-pence-kapagi-komple","status":"publish","type":"product","link":"https:\/\/tamammilking.com\/de\/produkt\/240cc-oval-pence-kapagi-komple\/","title":{"rendered":"240cc Oval Pen\u00e7e Kapa\u011f\u0131 (Komple)"},"content":{"rendered":"","protected":false},"excerpt":{"rendered":"","protected":false},"featured_media":451,"comment_status":"open","ping_status":"closed","template":"","meta":[],"product_cat":[54,60,78],"product_tag":[],"class_list":{"0":"post-450","1":"product","2":"type-product","3":"status-publish","4":"has-post-thumbnail","6":"product_cat-sut-sagim-yedek-parca","7":"product_cat-penceler","8":"product_cat-buyukbas-sagim-penceleri","10":"first","11":"instock","12":"shipping-taxable","13":"product-type-simple"},"yoast_head":"<!-- This site is optimized with the Yoast SEO Premium plugin v23.3 (Yoast SEO v23.3) - https:\/\/yoast.com\/wordpress\/plugins\/seo\/ -->\n<title>240cc Oval Pen\u00e7e Kapa\u011f\u0131 (Komple) - Tamam<\/title>\n<meta name=\"robots\" content=\"index, follow, max-snippet:-1, max-image-preview:large, max-video-preview:-1\" \/>\n<link rel=\"canonical\" href=\"https:\/\/tamammilking.com\/de\/produkt\/240cc-oval-pence-kapagi-komple\/\" \/>\n<meta property=\"og:locale\" content=\"de_DE\" \/>\n<meta property=\"og:type\" content=\"article\" \/>\n<meta property=\"og:title\" content=\"240cc Oval Pen\u00e7e Kapa\u011f\u0131 (Komple)\" \/>\n<meta property=\"og:url\" content=\"https:\/\/tamammilking.com\/de\/produkt\/240cc-oval-pence-kapagi-komple\/\" \/>\n<meta property=\"og:site_name\" content=\"Tamam\" \/>\n<meta property=\"article:publisher\" content=\"https:\/\/www.facebook.com\/tamammilkingtech\/\" \/>\n<meta property=\"article:modified_time\" content=\"2024-07-30T12:01:55+00:00\" \/>\n<meta property=\"og:image\" content=\"https:\/\/tamammilking.com\/wp-content\/uploads\/2024\/07\/TM033521_240cc_oval_pence_kapagi.jpg\" \/>\n\t<meta property=\"og:image:width\" content=\"530\" \/>\n\t<meta property=\"og:image:height\" content=\"440\" \/>\n\t<meta property=\"og:image:type\" content=\"image\/jpeg\" \/>\n<meta name=\"twitter:card\" content=\"summary_large_image\" \/>\n<meta name=\"twitter:site\" content=\"@tamammilking\" \/>\n<script type=\"application\/ld+json\" class=\"yoast-schema-graph\">{\"@context\":\"https:\/\/schema.org\",\"@graph\":[{\"@type\":\"WebPage\",\"@id\":\"https:\/\/tamammilking.com\/urun\/240cc-oval-pence-kapagi-komple\/\",\"url\":\"https:\/\/tamammilking.com\/urun\/240cc-oval-pence-kapagi-komple\/\",\"name\":\"240cc Oval Pen\u00e7e Kapa\u011f\u0131 (Komple) - Tamam\",\"isPartOf\":{\"@id\":\"https:\/\/tamammilking.com\/ru\/#website\"},\"primaryImageOfPage\":{\"@id\":\"https:\/\/tamammilking.com\/urun\/240cc-oval-pence-kapagi-komple\/#primaryimage\"},\"image\":{\"@id\":\"https:\/\/tamammilking.com\/urun\/240cc-oval-pence-kapagi-komple\/#primaryimage\"},\"thumbnailUrl\":\"https:\/\/tamammilking.com\/wp-content\/uploads\/2024\/07\/TM033521_240cc_oval_pence_kapagi.jpg\",\"datePublished\":\"2024-07-29T13:13:52+00:00\",\"dateModified\":\"2024-07-30T12:01:55+00:00\",\"breadcrumb\":{\"@id\":\"https:\/\/tamammilking.com\/urun\/240cc-oval-pence-kapagi-komple\/#breadcrumb\"},\"inLanguage\":\"de-DE\",\"potentialAction\":[{\"@type\":\"ReadAction\",\"target\":[\"https:\/\/tamammilking.com\/urun\/240cc-oval-pence-kapagi-komple\/\"]}]},{\"@type\":\"ImageObject\",\"inLanguage\":\"de-DE\",\"@id\":\"https:\/\/tamammilking.com\/urun\/240cc-oval-pence-kapagi-komple\/#primaryimage\",\"url\":\"https:\/\/tamammilking.com\/wp-content\/uploads\/2024\/07\/TM033521_240cc_oval_pence_kapagi.jpg\",\"contentUrl\":\"https:\/\/tamammilking.com\/wp-content\/uploads\/2024\/07\/TM033521_240cc_oval_pence_kapagi.jpg\",\"width\":530,\"height\":440},{\"@type\":\"BreadcrumbList\",\"@id\":\"https:\/\/tamammilking.com\/urun\/240cc-oval-pence-kapagi-komple\/#breadcrumb\",\"itemListElement\":[{\"@type\":\"ListItem\",\"position\":1,\"name\":\"Anasayfa\",\"item\":\"https:\/\/tamammilking.com\/\"},{\"@type\":\"ListItem\",\"position\":2,\"name\":\"\u00dcr\u00fcnler\",\"item\":\"https:\/\/tamammilking.com\/urunler\/\"},{\"@type\":\"ListItem\",\"position\":3,\"name\":\"S\u00fct Sa\u011f\u0131m Yedek Par\u00e7a\",\"item\":\"https:\/\/tamammilking.com\/urun-kategori\/sut-sagim-yedek-parca\/\"},{\"@type\":\"ListItem\",\"position\":4,\"name\":\"Pen\u00e7eler\",\"item\":\"https:\/\/tamammilking.com\/urun-kategori\/sut-sagim-yedek-parca\/penceler\/\"},{\"@type\":\"ListItem\",\"position\":5,\"name\":\"B\u00fcy\u00fckba\u015f Sa\u011f\u0131m Pen\u00e7eleri\",\"item\":\"https:\/\/tamammilking.com\/urun-kategori\/sut-sagim-yedek-parca\/penceler\/buyukbas-sagim-penceleri\/\"},{\"@type\":\"ListItem\",\"position\":6,\"name\":\"240cc Oval Pen\u00e7e Kapa\u011f\u0131 (Komple)\"}]},{\"@type\":\"WebSite\",\"@id\":\"https:\/\/tamammilking.com\/ru\/#website\",\"url\":\"https:\/\/tamammilking.com\/ru\/\",\"name\":\"Tamam Milking Technology\",\"description\":\"Milking Technology\",\"publisher\":{\"@id\":\"https:\/\/tamammilking.com\/ru\/#organization\"},\"alternateName\":\"Tamam\",\"potentialAction\":[{\"@type\":\"SearchAction\",\"target\":{\"@type\":\"EntryPoint\",\"urlTemplate\":\"https:\/\/tamammilking.com\/ru\/?s={search_term_string}\"},\"query-input\":\"required name=search_term_string\"}],\"inLanguage\":\"de-DE\"},{\"@type\":\"Organization\",\"@id\":\"https:\/\/tamammilking.com\/ru\/#organization\",\"name\":\"Tamam Milking Technology\",\"url\":\"https:\/\/tamammilking.com\/ru\/\",\"logo\":{\"@type\":\"ImageObject\",\"inLanguage\":\"de-DE\",\"@id\":\"https:\/\/tamammilking.com\/ru\/#\/schema\/logo\/image\/\",\"url\":\"https:\/\/tamammilking.com\/wp-content\/uploads\/2024\/07\/cropped-tamam-logo-home.png\",\"contentUrl\":\"https:\/\/tamammilking.com\/wp-content\/uploads\/2024\/07\/cropped-tamam-logo-home.png\",\"width\":865,\"height\":247,\"caption\":\"Tamam Milking Technology\"},\"image\":{\"@id\":\"https:\/\/tamammilking.com\/ru\/#\/schema\/logo\/image\/\"},\"sameAs\":[\"https:\/\/www.facebook.com\/tamammilkingtech\/\",\"https:\/\/x.com\/tamammilking\",\"https:\/\/www.youtube.com\/c\/TamamMilkingMachines\"],\"email\":\"info@tamammilking.com\",\"telephone\":\"+90 549 203 89 77\"}]}<\/script>\n<!-- \/ Yoast SEO Premium plugin. -->","yoast_head_json":{"title":"240cc Oval Pen\u00e7e Kapa\u011f\u0131 (Komple) - Tamam","robots":{"index":"index","follow":"follow","max-snippet":"max-snippet:-1","max-image-preview":"max-image-preview:large","max-video-preview":"max-video-preview:-1"},"canonical":"https:\/\/tamammilking.com\/de\/produkt\/240cc-oval-pence-kapagi-komple\/","og_locale":"de_DE","og_type":"article","og_title":"240cc Oval Pen\u00e7e Kapa\u011f\u0131 (Komple)","og_url":"https:\/\/tamammilking.com\/de\/produkt\/240cc-oval-pence-kapagi-komple\/","og_site_name":"Tamam","article_publisher":"https:\/\/www.facebook.com\/tamammilkingtech\/","article_modified_time":"2024-07-30T12:01:55+00:00","og_image":[{"width":530,"height":440,"url":"https:\/\/tamammilking.com\/wp-content\/uploads\/2024\/07\/TM033521_240cc_oval_pence_kapagi.jpg","type":"image\/jpeg"}],"twitter_card":"summary_large_image","twitter_site":"@tamammilking","schema":{"@context":"https:\/\/schema.org","@graph":[{"@type":"WebPage","@id":"https:\/\/tamammilking.com\/urun\/240cc-oval-pence-kapagi-komple\/","url":"https:\/\/tamammilking.com\/urun\/240cc-oval-pence-kapagi-komple\/","name":"240cc Oval Pen\u00e7e Kapa\u011f\u0131 (Komple) - Tamam","isPartOf":{"@id":"https:\/\/tamammilking.com\/ru\/#website"},"primaryImageOfPage":{"@id":"https:\/\/tamammilking.com\/urun\/240cc-oval-pence-kapagi-komple\/#primaryimage"},"image":{"@id":"https:\/\/tamammilking.com\/urun\/240cc-oval-pence-kapagi-komple\/#primaryimage"},"thumbnailUrl":"https:\/\/tamammilking.com\/wp-content\/uploads\/2024\/07\/TM033521_240cc_oval_pence_kapagi.jpg","datePublished":"2024-07-29T13:13:52+00:00","dateModified":"2024-07-30T12:01:55+00:00","breadcrumb":{"@id":"https:\/\/tamammilking.com\/urun\/240cc-oval-pence-kapagi-komple\/#breadcrumb"},"inLanguage":"de-DE","potentialAction":[{"@type":"ReadAction","target":["https:\/\/tamammilking.com\/urun\/240cc-oval-pence-kapagi-komple\/"]}]},{"@type":"ImageObject","inLanguage":"de-DE","@id":"https:\/\/tamammilking.com\/urun\/240cc-oval-pence-kapagi-komple\/#primaryimage","url":"https:\/\/tamammilking.com\/wp-content\/uploads\/2024\/07\/TM033521_240cc_oval_pence_kapagi.jpg","contentUrl":"https:\/\/tamammilking.com\/wp-content\/uploads\/2024\/07\/TM033521_240cc_oval_pence_kapagi.jpg","width":530,"height":440},{"@type":"BreadcrumbList","@id":"https:\/\/tamammilking.com\/urun\/240cc-oval-pence-kapagi-komple\/#breadcrumb","itemListElement":[{"@type":"ListItem","position":1,"name":"Anasayfa","item":"https:\/\/tamammilking.com\/"},{"@type":"ListItem","position":2,"name":"\u00dcr\u00fcnler","item":"https:\/\/tamammilking.com\/urunler\/"},{"@type":"ListItem","position":3,"name":"S\u00fct Sa\u011f\u0131m Yedek Par\u00e7a","item":"https:\/\/tamammilking.com\/urun-kategori\/sut-sagim-yedek-parca\/"},{"@type":"ListItem","position":4,"name":"Pen\u00e7eler","item":"https:\/\/tamammilking.com\/urun-kategori\/sut-sagim-yedek-parca\/penceler\/"},{"@type":"ListItem","position":5,"name":"B\u00fcy\u00fckba\u015f Sa\u011f\u0131m Pen\u00e7eleri","item":"https:\/\/tamammilking.com\/urun-kategori\/sut-sagim-yedek-parca\/penceler\/buyukbas-sagim-penceleri\/"},{"@type":"ListItem","position":6,"name":"240cc Oval Pen\u00e7e Kapa\u011f\u0131 (Komple)"}]},{"@type":"WebSite","@id":"https:\/\/tamammilking.com\/ru\/#website","url":"https:\/\/tamammilking.com\/ru\/","name":"Tamam Milking Technology","description":"Milking Technology","publisher":{"@id":"https:\/\/tamammilking.com\/ru\/#organization"},"alternateName":"Tamam","potentialAction":[{"@type":"SearchAction","target":{"@type":"EntryPoint","urlTemplate":"https:\/\/tamammilking.com\/ru\/?s={search_term_string}"},"query-input":"required name=search_term_string"}],"inLanguage":"de-DE"},{"@type":"Organization","@id":"https:\/\/tamammilking.com\/ru\/#organization","name":"Tamam Milking Technology","url":"https:\/\/tamammilking.com\/ru\/","logo":{"@type":"ImageObject","inLanguage":"de-DE","@id":"https:\/\/tamammilking.com\/ru\/#\/schema\/logo\/image\/","url":"https:\/\/tamammilking.com\/wp-content\/uploads\/2024\/07\/cropped-tamam-logo-home.png","contentUrl":"https:\/\/tamammilking.com\/wp-content\/uploads\/2024\/07\/cropped-tamam-logo-home.png","width":865,"height":247,"caption":"Tamam Milking Technology"},"image":{"@id":"https:\/\/tamammilking.com\/ru\/#\/schema\/logo\/image\/"},"sameAs":["https:\/\/www.facebook.com\/tamammilkingtech\/","https:\/\/x.com\/tamammilking","https:\/\/www.youtube.com\/c\/TamamMilkingMachines"],"email":"info@tamammilking.com","telephone":"+90 549 203 89 77"}]}},"_links":{"self":[{"href":"https:\/\/tamammilking.com\/de\/wp-json\/wp\/v2\/product\/450"}],"collection":[{"href":"https:\/\/tamammilking.com\/de\/wp-json\/wp\/v2\/product"}],"about":[{"href":"https:\/\/tamammilking.com\/de\/wp-json\/wp\/v2\/types\/product"}],"replies":[{"embeddable":true,"href":"https:\/\/tamammilking.com\/de\/wp-json\/wp\/v2\/comments?post=450"}],"wp:featuredmedia":[{"embeddable":true,"href":"https:\/\/tamammilking.com\/de\/wp-json\/wp\/v2\/media\/451"}],"wp:attachment":[{"href":"https:\/\/tamammilking.com\/de\/wp-json\/wp\/v2\/media?parent=450"}],"wp:term":[{"taxonomy":"product_cat","embeddable":true,"href":"https:\/\/tamammilking.com\/de\/wp-json\/wp\/v2\/product_cat?post=450"},{"taxonomy":"product_tag","embeddable":true,"href":"https:\/\/tamammilking.com\/de\/wp-json\/wp\/v2\/product_tag?post=450"}],"curies":[{"name":"wp","href":"https:\/\/api.w.org\/{rel}","templated":true}]}}