{"id":478,"date":"2024-07-29T13:34:57","date_gmt":"2024-07-29T13:34:57","guid":{"rendered":"https:\/\/tamam.ctemplate.com\/?post_type=product&#038;p=478"},"modified":"2024-07-30T11:34:49","modified_gmt":"2024-07-30T11:34:49","slug":"keci-meme-lastigi-kilifi-seffaf","status":"publish","type":"product","link":"https:\/\/tamammilking.com\/de\/produkt\/keci-meme-lastigi-kilifi-seffaf\/","title":{"rendered":"Ziegen-Nippelh\u00fclle (Transparent)"},"content":{"rendered":"","protected":false},"excerpt":{"rendered":"","protected":false},"featured_media":479,"comment_status":"open","ping_status":"closed","template":"","meta":[],"product_cat":[54,62,81],"product_tag":[],"class_list":{"0":"post-478","1":"product","2":"type-product","3":"status-publish","4":"has-post-thumbnail","6":"product_cat-sut-sagim-yedek-parca","7":"product_cat-kiliflar","8":"product_cat-kucukbas-meme-lastigi-kiliflari","10":"first","11":"instock","12":"shipping-taxable","13":"product-type-simple"},"yoast_head":"<!-- This site is optimized with the Yoast SEO Premium plugin v23.3 (Yoast SEO v23.3) - https:\/\/yoast.com\/wordpress\/plugins\/seo\/ -->\n<title>Ke\u00e7i Meme Lasti\u011fi K\u0131l\u0131f\u0131 (\u015eeffaf) - Tamam<\/title>\n<meta name=\"robots\" content=\"index, follow, max-snippet:-1, max-image-preview:large, max-video-preview:-1\" \/>\n<link rel=\"canonical\" href=\"https:\/\/tamammilking.com\/de\/produkt\/keci-meme-lastigi-kilifi-seffaf\/\" \/>\n<meta property=\"og:locale\" content=\"de_DE\" \/>\n<meta property=\"og:type\" content=\"article\" \/>\n<meta property=\"og:title\" content=\"Ke\u00e7i Meme Lasti\u011fi K\u0131l\u0131f\u0131 (\u015eeffaf)\" \/>\n<meta property=\"og:url\" content=\"https:\/\/tamammilking.com\/de\/produkt\/keci-meme-lastigi-kilifi-seffaf\/\" \/>\n<meta property=\"og:site_name\" content=\"Tamam\" \/>\n<meta property=\"article:publisher\" content=\"https:\/\/www.facebook.com\/tamammilkingtech\/\" \/>\n<meta property=\"article:modified_time\" content=\"2024-07-30T11:34:49+00:00\" \/>\n<meta property=\"og:image\" content=\"https:\/\/tamammilking.com\/wp-content\/uploads\/2024\/07\/TM0333581_keci_memelastigi_kilifi_sut_sagim_1.jpg\" \/>\n\t<meta property=\"og:image:width\" content=\"530\" \/>\n\t<meta property=\"og:image:height\" content=\"440\" \/>\n\t<meta property=\"og:image:type\" content=\"image\/jpeg\" \/>\n<meta name=\"twitter:card\" content=\"summary_large_image\" \/>\n<meta name=\"twitter:site\" content=\"@tamammilking\" \/>\n<script type=\"application\/ld+json\" class=\"yoast-schema-graph\">{\"@context\":\"https:\/\/schema.org\",\"@graph\":[{\"@type\":\"WebPage\",\"@id\":\"https:\/\/tamammilking.com\/urun\/keci-meme-lastigi-kilifi-seffaf\/\",\"url\":\"https:\/\/tamammilking.com\/urun\/keci-meme-lastigi-kilifi-seffaf\/\",\"name\":\"Ke\u00e7i Meme Lasti\u011fi K\u0131l\u0131f\u0131 (\u015eeffaf) - Tamam\",\"isPartOf\":{\"@id\":\"https:\/\/tamammilking.com\/ru\/#website\"},\"primaryImageOfPage\":{\"@id\":\"https:\/\/tamammilking.com\/urun\/keci-meme-lastigi-kilifi-seffaf\/#primaryimage\"},\"image\":{\"@id\":\"https:\/\/tamammilking.com\/urun\/keci-meme-lastigi-kilifi-seffaf\/#primaryimage\"},\"thumbnailUrl\":\"https:\/\/tamammilking.com\/wp-content\/uploads\/2024\/07\/TM0333581_keci_memelastigi_kilifi_sut_sagim_1.jpg\",\"datePublished\":\"2024-07-29T13:34:57+00:00\",\"dateModified\":\"2024-07-30T11:34:49+00:00\",\"breadcrumb\":{\"@id\":\"https:\/\/tamammilking.com\/urun\/keci-meme-lastigi-kilifi-seffaf\/#breadcrumb\"},\"inLanguage\":\"de-DE\",\"potentialAction\":[{\"@type\":\"ReadAction\",\"target\":[\"https:\/\/tamammilking.com\/urun\/keci-meme-lastigi-kilifi-seffaf\/\"]}]},{\"@type\":\"ImageObject\",\"inLanguage\":\"de-DE\",\"@id\":\"https:\/\/tamammilking.com\/urun\/keci-meme-lastigi-kilifi-seffaf\/#primaryimage\",\"url\":\"https:\/\/tamammilking.com\/wp-content\/uploads\/2024\/07\/TM0333581_keci_memelastigi_kilifi_sut_sagim_1.jpg\",\"contentUrl\":\"https:\/\/tamammilking.com\/wp-content\/uploads\/2024\/07\/TM0333581_keci_memelastigi_kilifi_sut_sagim_1.jpg\",\"width\":530,\"height\":440},{\"@type\":\"BreadcrumbList\",\"@id\":\"https:\/\/tamammilking.com\/urun\/keci-meme-lastigi-kilifi-seffaf\/#breadcrumb\",\"itemListElement\":[{\"@type\":\"ListItem\",\"position\":1,\"name\":\"Anasayfa\",\"item\":\"https:\/\/tamammilking.com\/\"},{\"@type\":\"ListItem\",\"position\":2,\"name\":\"\u00dcr\u00fcnler\",\"item\":\"https:\/\/tamammilking.com\/urunler\/\"},{\"@type\":\"ListItem\",\"position\":3,\"name\":\"S\u00fct Sa\u011f\u0131m Yedek Par\u00e7a\",\"item\":\"https:\/\/tamammilking.com\/urun-kategori\/sut-sagim-yedek-parca\/\"},{\"@type\":\"ListItem\",\"position\":4,\"name\":\"K\u0131l\u0131flar\",\"item\":\"https:\/\/tamammilking.com\/urun-kategori\/sut-sagim-yedek-parca\/kiliflar\/\"},{\"@type\":\"ListItem\",\"position\":5,\"name\":\"K\u00fc\u00e7\u00fckba\u015f Meme Lasti\u011fi K\u0131l\u0131flar\u0131\",\"item\":\"https:\/\/tamammilking.com\/urun-kategori\/sut-sagim-yedek-parca\/kiliflar\/kucukbas-meme-lastigi-kiliflari\/\"},{\"@type\":\"ListItem\",\"position\":6,\"name\":\"Ke\u00e7i Meme Lasti\u011fi K\u0131l\u0131f\u0131 (\u015eeffaf)\"}]},{\"@type\":\"WebSite\",\"@id\":\"https:\/\/tamammilking.com\/ru\/#website\",\"url\":\"https:\/\/tamammilking.com\/ru\/\",\"name\":\"Tamam Milking Technology\",\"description\":\"Milking Technology\",\"publisher\":{\"@id\":\"https:\/\/tamammilking.com\/ru\/#organization\"},\"alternateName\":\"Tamam\",\"potentialAction\":[{\"@type\":\"SearchAction\",\"target\":{\"@type\":\"EntryPoint\",\"urlTemplate\":\"https:\/\/tamammilking.com\/ru\/?s={search_term_string}\"},\"query-input\":\"required name=search_term_string\"}],\"inLanguage\":\"de-DE\"},{\"@type\":\"Organization\",\"@id\":\"https:\/\/tamammilking.com\/ru\/#organization\",\"name\":\"Tamam Milking Technology\",\"url\":\"https:\/\/tamammilking.com\/ru\/\",\"logo\":{\"@type\":\"ImageObject\",\"inLanguage\":\"de-DE\",\"@id\":\"https:\/\/tamammilking.com\/ru\/#\/schema\/logo\/image\/\",\"url\":\"https:\/\/tamammilking.com\/wp-content\/uploads\/2024\/07\/cropped-tamam-logo-home.png\",\"contentUrl\":\"https:\/\/tamammilking.com\/wp-content\/uploads\/2024\/07\/cropped-tamam-logo-home.png\",\"width\":865,\"height\":247,\"caption\":\"Tamam Milking Technology\"},\"image\":{\"@id\":\"https:\/\/tamammilking.com\/ru\/#\/schema\/logo\/image\/\"},\"sameAs\":[\"https:\/\/www.facebook.com\/tamammilkingtech\/\",\"https:\/\/x.com\/tamammilking\",\"https:\/\/www.youtube.com\/c\/TamamMilkingMachines\"],\"email\":\"info@tamammilking.com\",\"telephone\":\"+90 549 203 89 77\"}]}<\/script>\n<!-- \/ Yoast SEO Premium plugin. -->","yoast_head_json":{"title":"Ke\u00e7i Meme Lasti\u011fi K\u0131l\u0131f\u0131 (\u015eeffaf) - Tamam","robots":{"index":"index","follow":"follow","max-snippet":"max-snippet:-1","max-image-preview":"max-image-preview:large","max-video-preview":"max-video-preview:-1"},"canonical":"https:\/\/tamammilking.com\/de\/produkt\/keci-meme-lastigi-kilifi-seffaf\/","og_locale":"de_DE","og_type":"article","og_title":"Ke\u00e7i Meme Lasti\u011fi K\u0131l\u0131f\u0131 (\u015eeffaf)","og_url":"https:\/\/tamammilking.com\/de\/produkt\/keci-meme-lastigi-kilifi-seffaf\/","og_site_name":"Tamam","article_publisher":"https:\/\/www.facebook.com\/tamammilkingtech\/","article_modified_time":"2024-07-30T11:34:49+00:00","og_image":[{"width":530,"height":440,"url":"https:\/\/tamammilking.com\/wp-content\/uploads\/2024\/07\/TM0333581_keci_memelastigi_kilifi_sut_sagim_1.jpg","type":"image\/jpeg"}],"twitter_card":"summary_large_image","twitter_site":"@tamammilking","schema":{"@context":"https:\/\/schema.org","@graph":[{"@type":"WebPage","@id":"https:\/\/tamammilking.com\/urun\/keci-meme-lastigi-kilifi-seffaf\/","url":"https:\/\/tamammilking.com\/urun\/keci-meme-lastigi-kilifi-seffaf\/","name":"Ke\u00e7i Meme Lasti\u011fi K\u0131l\u0131f\u0131 (\u015eeffaf) - Tamam","isPartOf":{"@id":"https:\/\/tamammilking.com\/ru\/#website"},"primaryImageOfPage":{"@id":"https:\/\/tamammilking.com\/urun\/keci-meme-lastigi-kilifi-seffaf\/#primaryimage"},"image":{"@id":"https:\/\/tamammilking.com\/urun\/keci-meme-lastigi-kilifi-seffaf\/#primaryimage"},"thumbnailUrl":"https:\/\/tamammilking.com\/wp-content\/uploads\/2024\/07\/TM0333581_keci_memelastigi_kilifi_sut_sagim_1.jpg","datePublished":"2024-07-29T13:34:57+00:00","dateModified":"2024-07-30T11:34:49+00:00","breadcrumb":{"@id":"https:\/\/tamammilking.com\/urun\/keci-meme-lastigi-kilifi-seffaf\/#breadcrumb"},"inLanguage":"de-DE","potentialAction":[{"@type":"ReadAction","target":["https:\/\/tamammilking.com\/urun\/keci-meme-lastigi-kilifi-seffaf\/"]}]},{"@type":"ImageObject","inLanguage":"de-DE","@id":"https:\/\/tamammilking.com\/urun\/keci-meme-lastigi-kilifi-seffaf\/#primaryimage","url":"https:\/\/tamammilking.com\/wp-content\/uploads\/2024\/07\/TM0333581_keci_memelastigi_kilifi_sut_sagim_1.jpg","contentUrl":"https:\/\/tamammilking.com\/wp-content\/uploads\/2024\/07\/TM0333581_keci_memelastigi_kilifi_sut_sagim_1.jpg","width":530,"height":440},{"@type":"BreadcrumbList","@id":"https:\/\/tamammilking.com\/urun\/keci-meme-lastigi-kilifi-seffaf\/#breadcrumb","itemListElement":[{"@type":"ListItem","position":1,"name":"Anasayfa","item":"https:\/\/tamammilking.com\/"},{"@type":"ListItem","position":2,"name":"\u00dcr\u00fcnler","item":"https:\/\/tamammilking.com\/urunler\/"},{"@type":"ListItem","position":3,"name":"S\u00fct Sa\u011f\u0131m Yedek Par\u00e7a","item":"https:\/\/tamammilking.com\/urun-kategori\/sut-sagim-yedek-parca\/"},{"@type":"ListItem","position":4,"name":"K\u0131l\u0131flar","item":"https:\/\/tamammilking.com\/urun-kategori\/sut-sagim-yedek-parca\/kiliflar\/"},{"@type":"ListItem","position":5,"name":"K\u00fc\u00e7\u00fckba\u015f Meme Lasti\u011fi K\u0131l\u0131flar\u0131","item":"https:\/\/tamammilking.com\/urun-kategori\/sut-sagim-yedek-parca\/kiliflar\/kucukbas-meme-lastigi-kiliflari\/"},{"@type":"ListItem","position":6,"name":"Ke\u00e7i Meme Lasti\u011fi K\u0131l\u0131f\u0131 (\u015eeffaf)"}]},{"@type":"WebSite","@id":"https:\/\/tamammilking.com\/ru\/#website","url":"https:\/\/tamammilking.com\/ru\/","name":"Tamam Milking Technology","description":"Milking Technology","publisher":{"@id":"https:\/\/tamammilking.com\/ru\/#organization"},"alternateName":"Tamam","potentialAction":[{"@type":"SearchAction","target":{"@type":"EntryPoint","urlTemplate":"https:\/\/tamammilking.com\/ru\/?s={search_term_string}"},"query-input":"required name=search_term_string"}],"inLanguage":"de-DE"},{"@type":"Organization","@id":"https:\/\/tamammilking.com\/ru\/#organization","name":"Tamam Milking Technology","url":"https:\/\/tamammilking.com\/ru\/","logo":{"@type":"ImageObject","inLanguage":"de-DE","@id":"https:\/\/tamammilking.com\/ru\/#\/schema\/logo\/image\/","url":"https:\/\/tamammilking.com\/wp-content\/uploads\/2024\/07\/cropped-tamam-logo-home.png","contentUrl":"https:\/\/tamammilking.com\/wp-content\/uploads\/2024\/07\/cropped-tamam-logo-home.png","width":865,"height":247,"caption":"Tamam Milking Technology"},"image":{"@id":"https:\/\/tamammilking.com\/ru\/#\/schema\/logo\/image\/"},"sameAs":["https:\/\/www.facebook.com\/tamammilkingtech\/","https:\/\/x.com\/tamammilking","https:\/\/www.youtube.com\/c\/TamamMilkingMachines"],"email":"info@tamammilking.com","telephone":"+90 549 203 89 77"}]}},"_links":{"self":[{"href":"https:\/\/tamammilking.com\/de\/wp-json\/wp\/v2\/product\/478"}],"collection":[{"href":"https:\/\/tamammilking.com\/de\/wp-json\/wp\/v2\/product"}],"about":[{"href":"https:\/\/tamammilking.com\/de\/wp-json\/wp\/v2\/types\/product"}],"replies":[{"embeddable":true,"href":"https:\/\/tamammilking.com\/de\/wp-json\/wp\/v2\/comments?post=478"}],"wp:featuredmedia":[{"embeddable":true,"href":"https:\/\/tamammilking.com\/de\/wp-json\/wp\/v2\/media\/479"}],"wp:attachment":[{"href":"https:\/\/tamammilking.com\/de\/wp-json\/wp\/v2\/media?parent=478"}],"wp:term":[{"taxonomy":"product_cat","embeddable":true,"href":"https:\/\/tamammilking.com\/de\/wp-json\/wp\/v2\/product_cat?post=478"},{"taxonomy":"product_tag","embeddable":true,"href":"https:\/\/tamammilking.com\/de\/wp-json\/wp\/v2\/product_tag?post=478"}],"curies":[{"name":"wp","href":"https:\/\/api.w.org\/{rel}","templated":true}]}}