{"id":366,"date":"2024-07-29T11:43:09","date_gmt":"2024-07-29T11:43:09","guid":{"rendered":"https:\/\/tamam.ctemplate.com\/?post_type=product&#038;p=366"},"modified":"2025-04-28T11:01:40","modified_gmt":"2025-04-28T08:01:40","slug":"aluminyum-gugum-kaucuk-memelik-ekonomik-tekli-sagim-makinesi","status":"publish","type":"product","link":"https:\/\/tamammilking.com\/ru\/product\/aluminyum-gugum-kaucuk-memelik-ekonomik-tekli-sagim-makinesi\/","title":{"rendered":"\u0410\u043b\u044e\u043c\u0438\u043d\u0438\u0435\u0432\u044b\u0439 \u0434\u043e\u0438\u043b\u044c\u043d\u044b\u0439 \u0441\u0442\u0430\u043a\u0430\u043d, \u0440\u0435\u0437\u0438\u043d\u043e\u0432\u044b\u0439 \u0434\u043e\u0438\u043b\u044c\u043d\u044b\u0439 \u0441\u0442\u0430\u043a\u0430\u043d, \u044d\u043a\u043e\u043d\u043e\u043c\u0438\u0447\u043d\u044b\u0439 \u043e\u0434\u0438\u043d\u043e\u0447\u043d\u044b\u0439 \u0434\u043e\u0438\u043b\u044c\u043d\u044b\u0439 \u0430\u043f\u043f\u0430\u0440\u0430\u0442"},"content":{"rendered":"<h2 class=\"general-title\">Teknik \u00d6zellikler<\/h2>\n<table width=\"311\">\n<tbody>\n<tr>\n<td colspan=\"2\">\n<h4>Vakum Pompas\u0131<\/h4>\n<\/td>\n<\/tr>\n<tr>\n<td>Motor G\u00fcc\u00fc (Hp) :<\/td>\n<td><strong>0,75 Hp (0,55 kW)<\/strong><\/td>\n<\/tr>\n<tr>\n<td>Devir (rpm) :<\/td>\n<td><strong>1384 rpm<\/strong><\/td>\n<\/tr>\n<tr>\n<td>Voltaj (V) :<\/td>\n<td><strong>220 V<\/strong><\/td>\n<\/tr>\n<tr>\n<td>Debi (L\/dk) :<\/td>\n<td><strong>180 L\/dk<\/strong><\/td>\n<\/tr>\n<tr>\n<td>Palet Tipi :<\/td>\n<td><strong>Grafit<\/strong><\/td>\n<\/tr>\n<tr>\n<td>Palet \u00d6l\u00e7\u00fcs\u00fc (mm) :<\/td>\n<td><strong>4,9 x 43 x 70 mm<\/strong><\/td>\n<\/tr>\n<tr>\n<td>Tank Kapasitesi (L) :<\/td>\n<td><strong>4\u00a0L<\/strong><\/td>\n<\/tr>\n<tr>\n<td>Pompa Tipi:<\/td>\n<td><strong>Kuru<\/strong><\/td>\n<\/tr>\n<tr>\n<td colspan=\"2\">\n<h4>Sa\u011f\u0131m Grubu<\/h4>\n<\/td>\n<\/tr>\n<tr>\n<td>G\u00fc\u011f\u00fcm Tipi :<\/td>\n<td><strong>Al\u00fcminyum<\/strong><\/td>\n<\/tr>\n<tr>\n<td>G\u00fc\u011f\u00fcm Hacimi (L) :<\/td>\n<td><strong>25\u00a0L<\/strong><\/td>\n<\/tr>\n<tr>\n<td>Demet A\u011f\u0131rl\u0131\u011f\u0131 (gr) :<\/td>\n<td><strong>2050 gr<\/strong><\/td>\n<\/tr>\n<tr>\n<td>Sa\u011f\u0131m Pen\u00e7e Tipi :<\/td>\n<td><strong>200 cc<\/strong><\/td>\n<\/tr>\n<tr>\n<td>Memelik Tipi :<\/td>\n<td><strong>Kau\u00e7uk<\/strong><\/td>\n<\/tr>\n<tr>\n<td colspan=\"2\">\n<h4>Opsiyon \u00d6zellikler<\/h4>\n<\/td>\n<\/tr>\n<tr>\n<td>Pompa Tipi :<\/td>\n<td><strong>Ya\u011fl\u0131 Pompa (TME2111)<\/strong><\/td>\n<\/tr>\n<\/tbody>\n<\/table>","protected":false},"excerpt":{"rendered":"<p>Teknik \u00d6zellikler Vakum Pompas\u0131 Motor G\u00fcc\u00fc (Hp) : 0,75 Hp (0,55 kW) Devir (rpm) : 1384 rpm Voltaj (V) : 220 V Debi (L\/dk) : 180 L\/dk Palet Tipi : Grafit Palet \u00d6l\u00e7\u00fcs\u00fc (mm) : 4,9 x 43 x 70 mm Tank Kapasitesi (L) : 4\u00a0L Pompa Tipi: Kuru Sa\u011f\u0131m Grubu G\u00fc\u011f\u00fcm Tipi : Al\u00fcminyum [&hellip;]<\/p>","protected":false},"featured_media":1124,"comment_status":"open","ping_status":"closed","template":"","meta":[],"product_cat":[56],"product_tag":[],"class_list":{"0":"post-366","1":"product","2":"type-product","3":"status-publish","4":"has-post-thumbnail","6":"product_cat-buyukbas-sut-sagim-makineleri","8":"first","9":"instock","10":"shipping-taxable","11":"product-type-simple"},"yoast_head":"<!-- This site is optimized with the Yoast SEO Premium plugin v23.3 (Yoast SEO v23.3) - https:\/\/yoast.com\/wordpress\/plugins\/seo\/ -->\n<title>Al\u00fcminyum G\u00fc\u011f\u00fcm Kau\u00e7uk Memelik Ekonomik Tekli Sa\u011f\u0131m Makinesi - Tamam<\/title>\n<meta name=\"robots\" content=\"index, follow, max-snippet:-1, max-image-preview:large, max-video-preview:-1\" \/>\n<link rel=\"canonical\" href=\"https:\/\/tamammilking.com\/ru\/product\/aluminyum-gugum-kaucuk-memelik-ekonomik-tekli-sagim-makinesi\/\" \/>\n<meta property=\"og:locale\" content=\"ru_RU\" \/>\n<meta property=\"og:type\" content=\"article\" \/>\n<meta property=\"og:title\" content=\"Al\u00fcminyum G\u00fc\u011f\u00fcm Kau\u00e7uk Memelik Ekonomik Tekli Sa\u011f\u0131m Makinesi\" \/>\n<meta property=\"og:description\" content=\"Teknik \u00d6zellikler Vakum Pompas\u0131 Motor G\u00fcc\u00fc (Hp) : 0,75 Hp (0,55 kW) Devir (rpm) : 1384 rpm Voltaj (V) : 220 V Debi (L\/dk) : 180 L\/dk Palet Tipi : Grafit Palet \u00d6l\u00e7\u00fcs\u00fc (mm) : 4,9 x 43 x 70 mm Tank Kapasitesi (L) : 4\u00a0L Pompa Tipi: Kuru Sa\u011f\u0131m Grubu G\u00fc\u011f\u00fcm Tipi : Al\u00fcminyum [&hellip;]\" \/>\n<meta property=\"og:url\" content=\"https:\/\/tamammilking.com\/ru\/product\/aluminyum-gugum-kaucuk-memelik-ekonomik-tekli-sagim-makinesi\/\" \/>\n<meta property=\"og:site_name\" content=\"Tamam\" \/>\n<meta property=\"article:publisher\" content=\"https:\/\/www.facebook.com\/tamammilkingtech\/\" \/>\n<meta property=\"article:modified_time\" content=\"2025-04-28T08:01:40+00:00\" \/>\n<meta property=\"og:image\" content=\"https:\/\/tamammilking.com\/wp-content\/uploads\/2024\/07\/TME1111-1.jpg\" \/>\n\t<meta property=\"og:image:width\" content=\"2250\" \/>\n\t<meta property=\"og:image:height\" content=\"2250\" \/>\n\t<meta property=\"og:image:type\" content=\"image\/jpeg\" \/>\n<meta name=\"twitter:card\" content=\"summary_large_image\" \/>\n<meta name=\"twitter:site\" content=\"@tamammilking\" \/>\n<meta name=\"twitter:label1\" content=\"\u041f\u0440\u0438\u043c\u0435\u0440\u043d\u043e\u0435 \u0432\u0440\u0435\u043c\u044f \u0434\u043b\u044f \u0447\u0442\u0435\u043d\u0438\u044f\" \/>\n\t<meta name=\"twitter:data1\" content=\"1 \u043c\u0438\u043d\u0443\u0442\u0430\" \/>\n<script type=\"application\/ld+json\" class=\"yoast-schema-graph\">{\"@context\":\"https:\/\/schema.org\",\"@graph\":[{\"@type\":\"WebPage\",\"@id\":\"https:\/\/tamammilking.com\/urun\/aluminyum-gugum-kaucuk-memelik-ekonomik-tekli-sagim-makinesi\/\",\"url\":\"https:\/\/tamammilking.com\/urun\/aluminyum-gugum-kaucuk-memelik-ekonomik-tekli-sagim-makinesi\/\",\"name\":\"Al\u00fcminyum G\u00fc\u011f\u00fcm Kau\u00e7uk Memelik Ekonomik Tekli Sa\u011f\u0131m Makinesi - Tamam\",\"isPartOf\":{\"@id\":\"https:\/\/tamammilking.com\/ru\/#website\"},\"primaryImageOfPage\":{\"@id\":\"https:\/\/tamammilking.com\/urun\/aluminyum-gugum-kaucuk-memelik-ekonomik-tekli-sagim-makinesi\/#primaryimage\"},\"image\":{\"@id\":\"https:\/\/tamammilking.com\/urun\/aluminyum-gugum-kaucuk-memelik-ekonomik-tekli-sagim-makinesi\/#primaryimage\"},\"thumbnailUrl\":\"https:\/\/tamammilking.com\/wp-content\/uploads\/2024\/07\/TME1111-1.jpg\",\"datePublished\":\"2024-07-29T11:43:09+00:00\",\"dateModified\":\"2025-04-28T08:01:40+00:00\",\"breadcrumb\":{\"@id\":\"https:\/\/tamammilking.com\/urun\/aluminyum-gugum-kaucuk-memelik-ekonomik-tekli-sagim-makinesi\/#breadcrumb\"},\"inLanguage\":\"ru-RU\",\"potentialAction\":[{\"@type\":\"ReadAction\",\"target\":[\"https:\/\/tamammilking.com\/urun\/aluminyum-gugum-kaucuk-memelik-ekonomik-tekli-sagim-makinesi\/\"]}]},{\"@type\":\"ImageObject\",\"inLanguage\":\"ru-RU\",\"@id\":\"https:\/\/tamammilking.com\/urun\/aluminyum-gugum-kaucuk-memelik-ekonomik-tekli-sagim-makinesi\/#primaryimage\",\"url\":\"https:\/\/tamammilking.com\/wp-content\/uploads\/2024\/07\/TME1111-1.jpg\",\"contentUrl\":\"https:\/\/tamammilking.com\/wp-content\/uploads\/2024\/07\/TME1111-1.jpg\",\"width\":2250,\"height\":2250},{\"@type\":\"BreadcrumbList\",\"@id\":\"https:\/\/tamammilking.com\/urun\/aluminyum-gugum-kaucuk-memelik-ekonomik-tekli-sagim-makinesi\/#breadcrumb\",\"itemListElement\":[{\"@type\":\"ListItem\",\"position\":1,\"name\":\"Anasayfa\",\"item\":\"https:\/\/tamammilking.com\/\"},{\"@type\":\"ListItem\",\"position\":2,\"name\":\"\u00dcr\u00fcnler\",\"item\":\"https:\/\/tamammilking.com\/urunler\/\"},{\"@type\":\"ListItem\",\"position\":3,\"name\":\"S\u00fct Sa\u011f\u0131m Makineleri\",\"item\":\"https:\/\/tamammilking.com\/urun-kategori\/sut-sagim-makineleri\/\"},{\"@type\":\"ListItem\",\"position\":4,\"name\":\"B\u00fcy\u00fckba\u015f S\u00fct Sa\u011f\u0131m Makineleri\",\"item\":\"https:\/\/tamammilking.com\/urun-kategori\/sut-sagim-makineleri\/buyukbas-sut-sagim-makineleri\/\"},{\"@type\":\"ListItem\",\"position\":5,\"name\":\"Al\u00fcminyum G\u00fc\u011f\u00fcm Kau\u00e7uk Memelik Ekonomik Tekli Sa\u011f\u0131m Makinesi\"}]},{\"@type\":\"WebSite\",\"@id\":\"https:\/\/tamammilking.com\/ru\/#website\",\"url\":\"https:\/\/tamammilking.com\/ru\/\",\"name\":\"Tamam Milking Technology\",\"description\":\"Milking Technology\",\"publisher\":{\"@id\":\"https:\/\/tamammilking.com\/ru\/#organization\"},\"alternateName\":\"Tamam\",\"potentialAction\":[{\"@type\":\"SearchAction\",\"target\":{\"@type\":\"EntryPoint\",\"urlTemplate\":\"https:\/\/tamammilking.com\/ru\/?s={search_term_string}\"},\"query-input\":\"required name=search_term_string\"}],\"inLanguage\":\"ru-RU\"},{\"@type\":\"Organization\",\"@id\":\"https:\/\/tamammilking.com\/ru\/#organization\",\"name\":\"Tamam Milking Technology\",\"url\":\"https:\/\/tamammilking.com\/ru\/\",\"logo\":{\"@type\":\"ImageObject\",\"inLanguage\":\"ru-RU\",\"@id\":\"https:\/\/tamammilking.com\/ru\/#\/schema\/logo\/image\/\",\"url\":\"https:\/\/tamammilking.com\/wp-content\/uploads\/2024\/07\/cropped-tamam-logo-home.png\",\"contentUrl\":\"https:\/\/tamammilking.com\/wp-content\/uploads\/2024\/07\/cropped-tamam-logo-home.png\",\"width\":865,\"height\":247,\"caption\":\"Tamam Milking Technology\"},\"image\":{\"@id\":\"https:\/\/tamammilking.com\/ru\/#\/schema\/logo\/image\/\"},\"sameAs\":[\"https:\/\/www.facebook.com\/tamammilkingtech\/\",\"https:\/\/x.com\/tamammilking\",\"https:\/\/www.youtube.com\/c\/TamamMilkingMachines\"],\"email\":\"info@tamammilking.com\",\"telephone\":\"+90 549 203 89 77\"}]}<\/script>\n<!-- \/ Yoast SEO Premium plugin. -->","yoast_head_json":{"title":"Al\u00fcminyum G\u00fc\u011f\u00fcm Kau\u00e7uk Memelik Ekonomik Tekli Sa\u011f\u0131m Makinesi - Tamam","robots":{"index":"index","follow":"follow","max-snippet":"max-snippet:-1","max-image-preview":"max-image-preview:large","max-video-preview":"max-video-preview:-1"},"canonical":"https:\/\/tamammilking.com\/ru\/product\/aluminyum-gugum-kaucuk-memelik-ekonomik-tekli-sagim-makinesi\/","og_locale":"ru_RU","og_type":"article","og_title":"Al\u00fcminyum G\u00fc\u011f\u00fcm Kau\u00e7uk Memelik Ekonomik Tekli Sa\u011f\u0131m Makinesi","og_description":"Teknik \u00d6zellikler Vakum Pompas\u0131 Motor G\u00fcc\u00fc (Hp) : 0,75 Hp (0,55 kW) Devir (rpm) : 1384 rpm Voltaj (V) : 220 V Debi (L\/dk) : 180 L\/dk Palet Tipi : Grafit Palet \u00d6l\u00e7\u00fcs\u00fc (mm) : 4,9 x 43 x 70 mm Tank Kapasitesi (L) : 4\u00a0L Pompa Tipi: Kuru Sa\u011f\u0131m Grubu G\u00fc\u011f\u00fcm Tipi : Al\u00fcminyum [&hellip;]","og_url":"https:\/\/tamammilking.com\/ru\/product\/aluminyum-gugum-kaucuk-memelik-ekonomik-tekli-sagim-makinesi\/","og_site_name":"Tamam","article_publisher":"https:\/\/www.facebook.com\/tamammilkingtech\/","article_modified_time":"2025-04-28T08:01:40+00:00","og_image":[{"width":2250,"height":2250,"url":"https:\/\/tamammilking.com\/wp-content\/uploads\/2024\/07\/TME1111-1.jpg","type":"image\/jpeg"}],"twitter_card":"summary_large_image","twitter_site":"@tamammilking","twitter_misc":{"\u041f\u0440\u0438\u043c\u0435\u0440\u043d\u043e\u0435 \u0432\u0440\u0435\u043c\u044f \u0434\u043b\u044f \u0447\u0442\u0435\u043d\u0438\u044f":"1 \u043c\u0438\u043d\u0443\u0442\u0430"},"schema":{"@context":"https:\/\/schema.org","@graph":[{"@type":"WebPage","@id":"https:\/\/tamammilking.com\/urun\/aluminyum-gugum-kaucuk-memelik-ekonomik-tekli-sagim-makinesi\/","url":"https:\/\/tamammilking.com\/urun\/aluminyum-gugum-kaucuk-memelik-ekonomik-tekli-sagim-makinesi\/","name":"Al\u00fcminyum G\u00fc\u011f\u00fcm Kau\u00e7uk Memelik Ekonomik Tekli Sa\u011f\u0131m Makinesi - Tamam","isPartOf":{"@id":"https:\/\/tamammilking.com\/ru\/#website"},"primaryImageOfPage":{"@id":"https:\/\/tamammilking.com\/urun\/aluminyum-gugum-kaucuk-memelik-ekonomik-tekli-sagim-makinesi\/#primaryimage"},"image":{"@id":"https:\/\/tamammilking.com\/urun\/aluminyum-gugum-kaucuk-memelik-ekonomik-tekli-sagim-makinesi\/#primaryimage"},"thumbnailUrl":"https:\/\/tamammilking.com\/wp-content\/uploads\/2024\/07\/TME1111-1.jpg","datePublished":"2024-07-29T11:43:09+00:00","dateModified":"2025-04-28T08:01:40+00:00","breadcrumb":{"@id":"https:\/\/tamammilking.com\/urun\/aluminyum-gugum-kaucuk-memelik-ekonomik-tekli-sagim-makinesi\/#breadcrumb"},"inLanguage":"ru-RU","potentialAction":[{"@type":"ReadAction","target":["https:\/\/tamammilking.com\/urun\/aluminyum-gugum-kaucuk-memelik-ekonomik-tekli-sagim-makinesi\/"]}]},{"@type":"ImageObject","inLanguage":"ru-RU","@id":"https:\/\/tamammilking.com\/urun\/aluminyum-gugum-kaucuk-memelik-ekonomik-tekli-sagim-makinesi\/#primaryimage","url":"https:\/\/tamammilking.com\/wp-content\/uploads\/2024\/07\/TME1111-1.jpg","contentUrl":"https:\/\/tamammilking.com\/wp-content\/uploads\/2024\/07\/TME1111-1.jpg","width":2250,"height":2250},{"@type":"BreadcrumbList","@id":"https:\/\/tamammilking.com\/urun\/aluminyum-gugum-kaucuk-memelik-ekonomik-tekli-sagim-makinesi\/#breadcrumb","itemListElement":[{"@type":"ListItem","position":1,"name":"Anasayfa","item":"https:\/\/tamammilking.com\/"},{"@type":"ListItem","position":2,"name":"\u00dcr\u00fcnler","item":"https:\/\/tamammilking.com\/urunler\/"},{"@type":"ListItem","position":3,"name":"S\u00fct Sa\u011f\u0131m Makineleri","item":"https:\/\/tamammilking.com\/urun-kategori\/sut-sagim-makineleri\/"},{"@type":"ListItem","position":4,"name":"B\u00fcy\u00fckba\u015f S\u00fct Sa\u011f\u0131m Makineleri","item":"https:\/\/tamammilking.com\/urun-kategori\/sut-sagim-makineleri\/buyukbas-sut-sagim-makineleri\/"},{"@type":"ListItem","position":5,"name":"Al\u00fcminyum G\u00fc\u011f\u00fcm Kau\u00e7uk Memelik Ekonomik Tekli Sa\u011f\u0131m Makinesi"}]},{"@type":"WebSite","@id":"https:\/\/tamammilking.com\/ru\/#website","url":"https:\/\/tamammilking.com\/ru\/","name":"Tamam Milking Technology","description":"Milking Technology","publisher":{"@id":"https:\/\/tamammilking.com\/ru\/#organization"},"alternateName":"Tamam","potentialAction":[{"@type":"SearchAction","target":{"@type":"EntryPoint","urlTemplate":"https:\/\/tamammilking.com\/ru\/?s={search_term_string}"},"query-input":"required name=search_term_string"}],"inLanguage":"ru-RU"},{"@type":"Organization","@id":"https:\/\/tamammilking.com\/ru\/#organization","name":"Tamam Milking Technology","url":"https:\/\/tamammilking.com\/ru\/","logo":{"@type":"ImageObject","inLanguage":"ru-RU","@id":"https:\/\/tamammilking.com\/ru\/#\/schema\/logo\/image\/","url":"https:\/\/tamammilking.com\/wp-content\/uploads\/2024\/07\/cropped-tamam-logo-home.png","contentUrl":"https:\/\/tamammilking.com\/wp-content\/uploads\/2024\/07\/cropped-tamam-logo-home.png","width":865,"height":247,"caption":"Tamam Milking Technology"},"image":{"@id":"https:\/\/tamammilking.com\/ru\/#\/schema\/logo\/image\/"},"sameAs":["https:\/\/www.facebook.com\/tamammilkingtech\/","https:\/\/x.com\/tamammilking","https:\/\/www.youtube.com\/c\/TamamMilkingMachines"],"email":"info@tamammilking.com","telephone":"+90 549 203 89 77"}]}},"_links":{"self":[{"href":"https:\/\/tamammilking.com\/ru\/wp-json\/wp\/v2\/product\/366"}],"collection":[{"href":"https:\/\/tamammilking.com\/ru\/wp-json\/wp\/v2\/product"}],"about":[{"href":"https:\/\/tamammilking.com\/ru\/wp-json\/wp\/v2\/types\/product"}],"replies":[{"embeddable":true,"href":"https:\/\/tamammilking.com\/ru\/wp-json\/wp\/v2\/comments?post=366"}],"wp:featuredmedia":[{"embeddable":true,"href":"https:\/\/tamammilking.com\/ru\/wp-json\/wp\/v2\/media\/1124"}],"wp:attachment":[{"href":"https:\/\/tamammilking.com\/ru\/wp-json\/wp\/v2\/media?parent=366"}],"wp:term":[{"taxonomy":"product_cat","embeddable":true,"href":"https:\/\/tamammilking.com\/ru\/wp-json\/wp\/v2\/product_cat?post=366"},{"taxonomy":"product_tag","embeddable":true,"href":"https:\/\/tamammilking.com\/ru\/wp-json\/wp\/v2\/product_tag?post=366"}],"curies":[{"name":"wp","href":"https:\/\/api.w.org\/{rel}","templated":true}]}}